{"id":79347,"date":"2023-10-09T11:47:13","date_gmt":"2023-10-09T09:47:13","guid":{"rendered":"https:\/\/www.dentalcoach.app\/?page_id=79347"},"modified":"2023-10-28T12:18:49","modified_gmt":"2023-10-28T10:18:49","slug":"die-app","status":"publish","type":"page","link":"https:\/\/www.dentalcoach.app\/de\/die-app\/","title":{"rendered":"Die App"},"content":{"rendered":"\n  <div class=\"banner has-hover\" id=\"banner-51536202\">\n          <div class=\"banner-inner fill\">\n        <div class=\"banner-bg fill\" >\n            <img loading=\"lazy\" decoding=\"async\" width=\"1450\" height=\"450\" src=\"https:\/\/www.dentalcoach.app\/wp-content\/uploads\/2019\/01\/MondMaatje-Gebruiker.jpg\" class=\"bg attachment-original size-original\" alt=\"\" \/>                                    \n                    <\/div>\n\t\t\n        <div class=\"banner-layers container\">\n            <div class=\"fill banner-link\"><\/div>            \n        <\/div>\n      <\/div>\n\n            \n<style>\n#banner-51536202 {\n  padding-top: 500px;\n}\n<\/style>\n  <\/div>\n\n\n<div class=\"row\"  id=\"row-1078093202\">\n\n\t<div id=\"col-514725690\" class=\"col small-12 large-12\"  >\n\t\t\t\t<div class=\"col-inner\"  >\n\t\t\t\n\t\t\t\n<h2 class=\"title\" style=\"text-align: center;\">Dental Coach ist das zahnmedizinische E-Health-Programm mit einer App, die darauf abzielt, Ihre Mundgesundheit durch Verhaltens\u00e4nderungen zu optimieren.<\/h2>\n\t\t<\/div>\n\t\t\t\t\t<\/div>\n\n\t\n<\/div>\n<div class=\"row\"  id=\"row-1465315672\">\n\n\t<div id=\"col-2081144932\" class=\"col medium-6 small-12 large-6\"  >\n\t\t\t\t<div class=\"col-inner\"  >\n\t\t\t\n\t\t\t\n<p><span style=\"font-weight: 400;\">M\u00f6chten Sie mehr dar\u00fcber erfahren, was die Dental Coach App f\u00fcr Sie tun kann? Sehen Sie sich hier das YouTube-Video an, um eine Vorstellung von den M\u00f6glichkeiten zu erhalten.<br \/>\n<\/span><\/p>\n<p><span style=\"font-weight: 400;\">Sie k\u00f6nnen die Dental Coach App kostenlos aus dem Apple Store oder dem Android Play Store herunterladen. Wenn Sie den vollen Funktionsumfang nutzen m\u00f6chten, m\u00fcssen Sie die App mit der Zahnarzt-\/Mundhygienepraxis verkn\u00fcpfen, in der Sie registriert sind. Fragen Sie Ihren Zahnarzt Zahnhygieniker, ob er bereits Dental Coach, das zahnmedizinische E-Health-Programm, nutzt. Die Verkn\u00fcpfung erfolgt ganz einfach bei Ihrem Zahnarzt\/Dentalhygieniker \u00fcber einen QR-Scan-Code. Wenn Ihr Gesundheitsdienstleister noch nicht bei Dental Coach registriert ist, bitten Sie ihn darum. Die Registrierung nimmt f\u00fcr Ihren Zahnarzt\/Dentalhygieniker wenig Zeit in Anspruch.<br \/>\n<\/span><\/p>\n\t\t<\/div>\n\t\t\t\t\t<\/div>\n\n\t\n\n\t<div id=\"col-274989707\" class=\"col medium-6 small-12 large-6\"  >\n\t\t\t\t<div class=\"col-inner\"  >\n\t\t\t\n\t\t\t\n<div class=\"video video-fit mb\" style=\"padding-top:46%;\"><p><iframe loading=\"lazy\" title=\"Dental Coach   Zorgverlener 2023 DE v2 0 + ondertiteling\" width=\"1020\" height=\"574\" src=\"https:\/\/www.youtube.com\/embed\/onHteKdaZkA?feature=oembed\" frameborder=\"0\" allow=\"accelerometer; autoplay; clipboard-write; encrypted-media; gyroscope; picture-in-picture; web-share\" allowfullscreen><\/iframe><\/p>\n<\/div>\n\t\t<\/div>\n\t\t\t\t\t<\/div>\n\n\t\n<\/div>\n","protected":false},"excerpt":{"rendered":"","protected":false},"author":1,"featured_media":0,"parent":0,"menu_order":0,"comment_status":"closed","ping_status":"closed","template":"page-blank.php","meta":{"footnotes":""},"class_list":["post-79347","page","type-page","status-publish","hentry"],"yoast_head":"<!-- This site is optimized with the Yoast SEO plugin v27.5 - https:\/\/yoast.com\/product\/yoast-seo-wordpress\/ -->\n<title>Die App - Dental Coach<\/title>\n<meta name=\"robots\" content=\"index, follow, max-snippet:-1, max-image-preview:large, max-video-preview:-1\" \/>\n<link rel=\"canonical\" href=\"https:\/\/www.dentalcoach.app\/de\/die-app\/\" \/>\n<meta property=\"og:locale\" content=\"de_DE\" \/>\n<meta property=\"og:type\" content=\"article\" \/>\n<meta property=\"og:title\" content=\"Die App - Dental Coach\" \/>\n<meta property=\"og:url\" content=\"https:\/\/www.dentalcoach.app\/de\/die-app\/\" \/>\n<meta property=\"og:site_name\" content=\"Dental Coach\" \/>\n<meta property=\"article:modified_time\" content=\"2023-10-28T10:18:49+00:00\" \/>\n<meta name=\"twitter:card\" content=\"summary_large_image\" \/>\n<meta name=\"twitter:label1\" content=\"Gesch\u00e4tzte Lesezeit\" \/>\n\t<meta name=\"twitter:data1\" content=\"1\u00a0Minute\" \/>\n<script type=\"application\/ld+json\" class=\"yoast-schema-graph\">{\"@context\":\"https:\\\/\\\/schema.org\",\"@graph\":[{\"@type\":\"WebPage\",\"@id\":\"https:\\\/\\\/www.dentalcoach.app\\\/de\\\/die-app\\\/\",\"url\":\"https:\\\/\\\/www.dentalcoach.app\\\/de\\\/die-app\\\/\",\"name\":\"Die App - Dental Coach\",\"isPartOf\":{\"@id\":\"https:\\\/\\\/www.dentalcoach.app\\\/#website\"},\"datePublished\":\"2023-10-09T09:47:13+00:00\",\"dateModified\":\"2023-10-28T10:18:49+00:00\",\"breadcrumb\":{\"@id\":\"https:\\\/\\\/www.dentalcoach.app\\\/de\\\/die-app\\\/#breadcrumb\"},\"inLanguage\":\"de\",\"potentialAction\":[{\"@type\":\"ReadAction\",\"target\":[\"https:\\\/\\\/www.dentalcoach.app\\\/de\\\/die-app\\\/\"]}]},{\"@type\":\"BreadcrumbList\",\"@id\":\"https:\\\/\\\/www.dentalcoach.app\\\/de\\\/die-app\\\/#breadcrumb\",\"itemListElement\":[{\"@type\":\"ListItem\",\"position\":1,\"name\":\"Home\",\"item\":\"https:\\\/\\\/www.dentalcoach.app\\\/de\\\/\"},{\"@type\":\"ListItem\",\"position\":2,\"name\":\"Die App\"}]},{\"@type\":\"WebSite\",\"@id\":\"https:\\\/\\\/www.dentalcoach.app\\\/#website\",\"url\":\"https:\\\/\\\/www.dentalcoach.app\\\/\",\"name\":\"Dental Coach\",\"description\":\"Uw hulp voor een gezond gebit\",\"potentialAction\":[{\"@type\":\"SearchAction\",\"target\":{\"@type\":\"EntryPoint\",\"urlTemplate\":\"https:\\\/\\\/www.dentalcoach.app\\\/?s={search_term_string}\"},\"query-input\":{\"@type\":\"PropertyValueSpecification\",\"valueRequired\":true,\"valueName\":\"search_term_string\"}}],\"inLanguage\":\"de\"}]}<\/script>\n<!-- \/ Yoast SEO plugin. -->","yoast_head_json":{"title":"Die App - Dental Coach","robots":{"index":"index","follow":"follow","max-snippet":"max-snippet:-1","max-image-preview":"max-image-preview:large","max-video-preview":"max-video-preview:-1"},"canonical":"https:\/\/www.dentalcoach.app\/de\/die-app\/","og_locale":"de_DE","og_type":"article","og_title":"Die App - Dental Coach","og_url":"https:\/\/www.dentalcoach.app\/de\/die-app\/","og_site_name":"Dental Coach","article_modified_time":"2023-10-28T10:18:49+00:00","twitter_card":"summary_large_image","twitter_misc":{"Gesch\u00e4tzte Lesezeit":"1\u00a0Minute"},"schema":{"@context":"https:\/\/schema.org","@graph":[{"@type":"WebPage","@id":"https:\/\/www.dentalcoach.app\/de\/die-app\/","url":"https:\/\/www.dentalcoach.app\/de\/die-app\/","name":"Die App - Dental Coach","isPartOf":{"@id":"https:\/\/www.dentalcoach.app\/#website"},"datePublished":"2023-10-09T09:47:13+00:00","dateModified":"2023-10-28T10:18:49+00:00","breadcrumb":{"@id":"https:\/\/www.dentalcoach.app\/de\/die-app\/#breadcrumb"},"inLanguage":"de","potentialAction":[{"@type":"ReadAction","target":["https:\/\/www.dentalcoach.app\/de\/die-app\/"]}]},{"@type":"BreadcrumbList","@id":"https:\/\/www.dentalcoach.app\/de\/die-app\/#breadcrumb","itemListElement":[{"@type":"ListItem","position":1,"name":"Home","item":"https:\/\/www.dentalcoach.app\/de\/"},{"@type":"ListItem","position":2,"name":"Die App"}]},{"@type":"WebSite","@id":"https:\/\/www.dentalcoach.app\/#website","url":"https:\/\/www.dentalcoach.app\/","name":"Dental Coach","description":"Uw hulp voor een gezond gebit","potentialAction":[{"@type":"SearchAction","target":{"@type":"EntryPoint","urlTemplate":"https:\/\/www.dentalcoach.app\/?s={search_term_string}"},"query-input":{"@type":"PropertyValueSpecification","valueRequired":true,"valueName":"search_term_string"}}],"inLanguage":"de"}]}},"_links":{"self":[{"href":"https:\/\/www.dentalcoach.app\/de\/wp-json\/wp\/v2\/pages\/79347","targetHints":{"allow":["GET"]}}],"collection":[{"href":"https:\/\/www.dentalcoach.app\/de\/wp-json\/wp\/v2\/pages"}],"about":[{"href":"https:\/\/www.dentalcoach.app\/de\/wp-json\/wp\/v2\/types\/page"}],"author":[{"embeddable":true,"href":"https:\/\/www.dentalcoach.app\/de\/wp-json\/wp\/v2\/users\/1"}],"replies":[{"embeddable":true,"href":"https:\/\/www.dentalcoach.app\/de\/wp-json\/wp\/v2\/comments?post=79347"}],"version-history":[{"count":3,"href":"https:\/\/www.dentalcoach.app\/de\/wp-json\/wp\/v2\/pages\/79347\/revisions"}],"predecessor-version":[{"id":79388,"href":"https:\/\/www.dentalcoach.app\/de\/wp-json\/wp\/v2\/pages\/79347\/revisions\/79388"}],"wp:attachment":[{"href":"https:\/\/www.dentalcoach.app\/de\/wp-json\/wp\/v2\/media?parent=79347"}],"curies":[{"name":"wp","href":"https:\/\/api.w.org\/{rel}","templated":true}]}}