{"id":79372,"date":"2023-10-09T14:44:10","date_gmt":"2023-10-09T12:44:10","guid":{"rendered":"https:\/\/www.dentalcoach.app\/?page_id=79372"},"modified":"2023-10-09T14:47:57","modified_gmt":"2023-10-09T12:47:57","slug":"datenschutzerklaerung","status":"publish","type":"page","link":"https:\/\/www.dentalcoach.app\/de\/datenschutzerklaerung\/","title":{"rendered":"Datenschutzerkl\u00e4rung"},"content":{"rendered":"<h3>Datenschutzerkl\u00e4rung Dental Coach<\/h3>\n<p><strong>Einleitung<\/strong><br \/>Hier k\u00f6nnen Sie nachlesen, wie Dental Coach (Dental Coach ist eine Marke und ein Handelsname von Dental Coach VOF in Goutum, NL) mit der Verarbeitung personenbezogener Daten umgeht, die das Unternehmen durch die Nutzung seiner mobilen Anwendung (\u201eApp\u201c) erh\u00e4lt. Diese Datenschutzerkl\u00e4rung kann auch unter www.mondmaatje.nl eingesehen werden und wird auf Anfrage zugesandt.<\/p>\n<p><strong>Eingabe von personenbezogenen Daten<\/strong><br \/>Der Patient (\u201ePatient\u201c) gibt pers\u00f6nliche Daten ein, wie Name, Geburtsdatum und E-Mail-Adresse. Der Gesundheitsdienstleister im Bereich der Zahnmedizin (\u201eGesundheitsdienstleister\u201c) gibt zahnmedizinische Daten \u00fcber die Z\u00e4hne des Patienten auf der Grundlage der Behandlung\/Kontrolle ein. Der Gesundheitsdienstleister tut dies \u00fcber ein sogenanntes Dashboard, auf dem die (Daten aus der) App erscheint (\/erscheinen). Im Folgenden wird erl\u00e4utert, welche Daten zu welchem Zweck verarbeitet werden und wie Sie vor einer missbr\u00e4uchlichen Verwendung und dem Zugriff (durch Dritte) auf diese Daten gesch\u00fctzt sind.<\/p>\n<p><strong>Grundlage der Verarbeitung<\/strong><br \/>Dental Coach verarbeitet personenbezogene Daten nur, wenn es daf\u00fcr eine gesetzliche Grundlage gibt. Dabei k\u00f6nnen die folgenden Grunds\u00e4tze gelten:<\/p>\n<p>Die betroffene Person hat ihre Einwilligung zur Verarbeitung ihrer personenbezogenen Daten f\u00fcr einen oder mehrere bestimmte Zwecke gegeben.<br \/>Die Verarbeitung ist f\u00fcr die Erf\u00fcllung eines Vertrags, dessen Vertragspartei die betroffene Person ist, oder f\u00fcr Ma\u00dfnahmen, die auf Antrag der betroffenen Person vor Abschluss eines Vertrags erfolgen, erforderlich.<br \/>Die Verarbeitung ist f\u00fcr die (prophylaktische) Zahnpflege erforderlich.<\/p>\n<p><strong>Zweck der Verwendung personenbezogener Daten<\/strong><br \/>Die App zielt darauf ab, Patienten individuell anzuleiten, auf eine optimale Mundgesundheit\/Mundhygiene hinzuarbeiten und pers\u00f6nliche zahnmedizinisch relevante Daten zur Verwendung durch den Patienten und spezifische zahnmedizinische Daten zur Verwendung durch den Gesundheitsdienstleister zu erfassen. Die zahnmedizinischen Daten werden bei der Behandlung der Z\u00e4hne des Patienten verwendet. Anhand dieser Daten kann der Gesundheitsdienstleister leicht Behandlungsvorschl\u00e4ge machen und sehen, welche Materialien bei der Behandlung des Patienten verwendet wurden (Implantatpass). In der App wird eine vollst\u00e4ndige Darstellung Ihrer Z\u00e4hne erstellt. Anhand dieser Daten k\u00f6nnen Sie Ihre Z\u00e4hne leicht selbst versorgen und pflegen. Auf Basis der Daten in der App werden beispielsweise Zahnputzpl\u00e4ne, Video-Anleitungen und andere Zahnpflegehilfen angeboten. Die Daten werden daher in der App gespeichert, um eine optimale Nutzung der App zu erm\u00f6glichen. Zus\u00e4tzlich zu den zahn\u00e4rztlichen Daten ben\u00f6tigt Dental Coach bestimmte andere Daten wie Name, (E-Mail-)Adresse, Daten, die f\u00fcr die Kommunikation, die Zahlung oder die Bestellung \u00fcber den Dental Coach-Webshop erforderlich sind. Die Eingabe von pers\u00f6nlichen Daten ist freiwillig, aber f\u00fcr das optimale Funktionieren der App notwendig.<\/p>\n<p><strong>Zugang zu den Informationen<\/strong><br \/>Zahn\u00e4rztliche Daten sind Informationen \u00fcber Ihre Gesundheit, daher geht Dental Coach besonders sorgf\u00e4ltig mit ihnen um. Der Gesundheitsdienstleister tr\u00e4gt die zahnmedizinischen Informationen \u00fcber das Dashboard ein, damit sie in die App \u00fcbertragen werden. Durch das Scannen eines praxisgebundenen QR-Codes mit der App erteilen Sie dem Gesundheitsdienstleister die Erlaubnis, Daten \u00fcber Ihre Z\u00e4hne zu verwenden. Hat der Patient das 16. Lebensjahr noch nicht vollendet, ist die Zustimmung der Eltern bzw. des Vormunds erforderlich. Die Daten aus der App erscheinen mit dem Link zur App im Dashboard des Gesundheitsdienstleisters und erm\u00f6glichen ihm den Zugriff auf die Daten. Sie w\u00e4hlen also aus, welchem Gesundheitsdienstleister Sie die Erlaubnis zur Nutzung der Daten erteilen. Diese Erlaubnis ist zeitlich begrenzt. Nach dem Trennen der Verbindung hat der Gesundheitsdienstleister keinen Zugriff mehr auf die Daten, um sie zu bearbeiten. Um die R\u00fcckkehr zum vorherigen Leistungserbringer zu erm\u00f6glichen, bleiben die Daten f\u00fcr die letzten beiden behandelnden Leistungserbringer sichtbar. Dental Coach nutzt seinen Zugang als Superuser der App ausschlie\u00dflich zu Wartungszwecken.<\/p>\n<p><strong>Speicherung von Daten zur Offline-Nutzung und Verarbeitung durch den Anbieter<\/strong><br \/>Dental Coach speichert die eingegebenen Daten sowohl des Patienten als auch des Gesundheitsdienstleisters in der App zur Offline-Nutzung. Die Daten werden auch (als Backup) bei einem externen Hosting-Anbieter (der \u201eAnbieter\u201c) gespeichert. Der Anbieter wickelt den Datenverkehr der App ab, einschlie\u00dflich, aber nicht beschr\u00e4nkt auf die Speicherung der Daten in der Cloud, die Bereitstellung von Online-Diensten und die Verwaltung der Patientenakten. Um dies zu gew\u00e4hrleisten, stellt der Anbieter sicher, dass ausreichende technische und organisatorische Ma\u00dfnahmen in Bezug auf die Verarbeitung personenbezogener Daten getroffen werden, um sie vor Verlust oder jede Form der unrechtm\u00e4\u00dfigen Verarbeitung zu sch\u00fctzen. Dabei bem\u00fcht sich der Anbieter, ein Sicherheitsniveau zu gew\u00e4hrleisten, das angesichts des Stands der Technik, der Sensibilit\u00e4t der personenbezogenen Daten und der mit der Umsetzung der Sicherheit verbundenen Kosten nicht unangemessen ist. Um diese und andere gesetzliche Verpflichtungen zu erf\u00fcllen, hat Dental Coach mit dem Provider einen so genannten Auftragsverarbeitungsvertrag geschlossen.<\/p>\n<p><strong>Dental Coach jenseits der Grenze<\/strong><br \/>Dental Coach bietet seine Dienste in den Niederlanden und im Ausland an. Die Patientendaten werden innerhalb der Europ\u00e4ischen Union gespeichert. F\u00fcr den Ausnahmefall, dass Kundendaten in L\u00e4nder au\u00dferhalb der Europ\u00e4ischen Union weitergegeben werden, stellt Dental Coach sicher, dass die Privatsph\u00e4re des Patienten angemessen gesch\u00fctzt bleibt. So \u00fcberwacht Dental Coach beispielsweise, ob ein Drittland ein angemessenes Schutzniveau f\u00fcr die Verarbeitung personenbezogener Daten bietet. Sollte dies nicht der Fall sein, wird Dental Coach oder sein potenzieller Auftragsverarbeiter daf\u00fcr sorgen, dass das unzureichende Datenschutzniveau durch geeignete Schutzma\u00dfnahmen korrigiert wird.<\/p>\n<p><strong>Dauer der Datenspeicherung<\/strong><br \/>Bestimmte Daten, wie beispielsweise zahnmedizinische Informationen, sind f\u00fcr die Nutzung der App erforderlich. Diese Daten werden daher f\u00fcr die Dauer der Nutzung der App durch den Patienten aufbewahrt. Nach der Deinstallation der App und dem L\u00f6schen des Patientenkontos l\u00f6scht Dental Coach die bereits gespeicherten Daten des Patienten (auf einem externen Server).<\/p>\n<p><strong>Datenzugriff durch den Patienten<\/strong><br \/>Die Daten sind in der App f\u00fcr den Patienten sichtbar und k\u00f6nnen jederzeit \u00fcber die App abgerufen werden. Die gespeicherten Daten k\u00f6nnen in Ihrer Dental Coach App eingesehen werden. Sollten diese Daten nicht korrekt sein, k\u00f6nnen Sie sie \u00fcber \u201eEinstellungen\u201c \u2192 \u201eMein Konto\u201c in der App \u00e4ndern. Sie k\u00f6nnen auch eine Anfrage an Dental Coach senden, um Ihre Daten per E-Mail zu erhalten. Die f\u00fcr das ordnungsgem\u00e4\u00dfe Funktionieren der App erforderlichen zahnmedizinischen Daten k\u00f6nnen vom Patienten weder ver\u00e4ndert noch gel\u00f6scht werden. Der Patient hat jedoch das Recht, eine \u00c4nderung oder L\u00f6schung der Daten zu verlangen. Alle Daten, die sich auf den Patienten beziehen, werden beim L\u00f6schen der App und des Patientenkontos gel\u00f6scht. Der Patient ist auch berechtigt, zu verlangen, dass die Verarbeitung der Daten eingeschr\u00e4nkt wird, oder der Verarbeitung zu widersprechen. Dar\u00fcber hinaus hat der Patient das Recht, zu verlangen, dass die von Dental Coach gespeicherten pers\u00f6nlichen Daten an den Patienten oder eine von ihm benannte Organisation \u00fcbermittelt werden.<\/p>\n<p><strong>Automatisierte Entscheidungsfindung und Profiling<\/strong><br \/>Dental Coach verwendet keine automatisierte Entscheidungsfindung und kein Profiling.<\/p>\n<p><strong>Cookies<\/strong><br \/>Dental Coach verwendet derzeit keine Cookies. Sollte Dental Coach in Zukunft Cookies verwenden, wird dies vorher angek\u00fcndigt, ebenso wie die Bedingungen, unter denen dies geschieht.<\/p>\n<p><strong>Weitergabe von Daten an Dritte<\/strong><br \/>Dental Coach gibt keine personenbezogenen Daten an Dritte zu kommerziellen, wohlt\u00e4tigen oder ideellen Zwecken weiter. Die Daten werden mit dem Einverst\u00e4ndnis des Patienten einem Gesundheitsdienstleister zur Verf\u00fcgung gestellt, indem die App \u00fcber einen praxisgebundenen QR-Code mit dem Dashboard des Gesundheitsdienstleisters verkn\u00fcpft wird. Nach dem Trennen der Verbindung hat der Gesundheitsdienstleister keinen Zugriff mehr auf die pers\u00f6nlichen Daten. Die letzten beiden teilnehmenden Gesundheitsdienstleister k\u00f6nnen die zahnmedizinischen Daten \u00fcber ihr Dashboard einsehen.<\/p>\n<p><strong>Kauf von Waren und\/oder Dienstleistungen von Drittanbietern<\/strong><br \/>Werden \u00fcber die App Waren und\/oder Dienstleistungen von Drittanbietern erworben, kann eine andere Datenschutzrichtlinie gelten. Dental Coach hat darauf keinen Einfluss und kann daf\u00fcr nicht haftbar gemacht werden. Dental Coach nutzt f\u00fcr seinen Webshop einen externen Anbieter. Die Informationen, die mit diesem Lieferanten geteilt werden, betreffen Adressdaten, um eine korrekte Lieferung zu gew\u00e4hrleisten. Um sicherzustellen, dass die eventuelle Verarbeitung der Patientendaten im Einklang mit den geltenden Gesetzen und Vorschriften erfolgt, hat Dental Coach auch mit dieser Partei einen Verarbeitungsvertrag abgeschlossen.<\/p>\n<p><strong>Weitergabe von Daten an Beh\u00f6rden<\/strong><br \/>Dental Coach gibt Ihre personenbezogenen Daten nur dann an Ermittlungsbeh\u00f6rden oder staatliche Stellen weiter, wenn dies gesetzlich vorgeschrieben oder auf von einer staatlichen Beh\u00f6rde angeordnet ist, und nur in dem Ma\u00dfe, wie es zur Bek\u00e4mpfung von Betrug oder kriminellen Aktivit\u00e4ten erforderlich ist.<\/p>\n<p><strong>\u00c4nderungen<\/strong><br \/>Dental Coach beh\u00e4lt sich das Recht vor, \u00c4nderungen an dieser Datenschutzerkl\u00e4rung vorzunehmen. Dental Coach empfiehlt Ihnen daher, diese Datenschutzerkl\u00e4rung regelm\u00e4\u00dfig zu lesen. Nimmt Dental Coach wesentliche \u00c4nderungen vor, die sich auf die Verarbeitung personenbezogener Daten auswirken k\u00f6nnen, wird Dental Coach seine Nutzer im Voraus informieren.<\/p>\n<p><strong>Verarbeitungsregister<\/strong><br \/>In \u00dcbereinstimmung mit den geltenden Gesetzen und Vorschriften f\u00fchrt Dental Coach ein Verzeichnis der Verarbeitungst\u00e4tigkeiten, die unter der Verantwortung von Dental Coach durchgef\u00fchrt werden.<\/p>\n<p><strong>Fragen<\/strong><br \/>Wenn Sie nach der Lekt\u00fcre Fragen oder Anmerkungen zu unserer Datenschutzpolitik haben, richten Sie diese bitte an info@dentalcoach.app. Dental Coach bem\u00fcht sich, Ihnen innerhalb von vier Wochen eine Antwort zukommen zu lassen. Bei weiteren Fragen zur Verwendung Ihrer Daten oder bei Widerspruch gegen deren Verarbeitung wenden Sie sich bitte an den Datenschutzbeauftragten von Dental Coach, Herrn Melle Vroom, ebenfalls unter info@dentalcoach.app. Dental Coach behandelt Ihre Daten mit \u00e4u\u00dferster Sorgfalt. Sollten Sie dennoch eine Beschwerde einreichen wollen, verweist Dental Coach Sie an die niederl\u00e4ndische Datenschutzbeh\u00f6rde [Dutch DPA].<\/p>\n","protected":false},"excerpt":{"rendered":"<p>Datenschutzerkl\u00e4rung Dental Coach EinleitungHier k\u00f6nnen Sie nachlesen, wie Dental Coach (Dental Coach ist eine Marke und ein Handelsname von Dental Coach VOF in Goutum, NL) mit der Verarbeitung personenbezogener Daten umgeht, die das Unternehmen durch die Nutzung seiner mobilen Anwendung (\u201eApp\u201c) erh\u00e4lt. Diese Datenschutzerkl\u00e4rung kann auch unter www.mondmaatje.nl eingesehen werden und wird auf Anfrage zugesandt. [&#8230;]\n","protected":false},"author":1,"featured_media":0,"parent":0,"menu_order":0,"comment_status":"closed","ping_status":"closed","template":"","meta":{"footnotes":""},"class_list":["post-79372","page","type-page","status-publish","hentry"],"yoast_head":"<!-- This site is optimized with the Yoast SEO plugin v27.3 - https:\/\/yoast.com\/product\/yoast-seo-wordpress\/ -->\n<title>Datenschutzerkl\u00e4rung - Dental Coach<\/title>\n<meta name=\"robots\" content=\"index, follow, max-snippet:-1, max-image-preview:large, max-video-preview:-1\" \/>\n<link rel=\"canonical\" href=\"https:\/\/www.dentalcoach.app\/de\/datenschutzerklaerung\/\" \/>\n<meta property=\"og:locale\" content=\"de_DE\" \/>\n<meta property=\"og:type\" content=\"article\" \/>\n<meta property=\"og:title\" content=\"Datenschutzerkl\u00e4rung - Dental Coach\" \/>\n<meta property=\"og:description\" content=\"Datenschutzerkl\u00e4rung Dental Coach EinleitungHier k\u00f6nnen Sie nachlesen, wie Dental Coach (Dental Coach ist eine Marke und ein Handelsname von Dental Coach VOF in Goutum, NL) mit der Verarbeitung personenbezogener Daten umgeht, die das Unternehmen durch die Nutzung seiner mobilen Anwendung (\u201eApp\u201c) erh\u00e4lt. Diese Datenschutzerkl\u00e4rung kann auch unter www.mondmaatje.nl eingesehen werden und wird auf Anfrage zugesandt. [...]\" \/>\n<meta property=\"og:url\" content=\"https:\/\/www.dentalcoach.app\/de\/datenschutzerklaerung\/\" \/>\n<meta property=\"og:site_name\" content=\"Dental Coach\" \/>\n<meta property=\"article:modified_time\" content=\"2023-10-09T12:47:57+00:00\" \/>\n<meta name=\"twitter:card\" content=\"summary_large_image\" \/>\n<meta name=\"twitter:label1\" content=\"Gesch\u00e4tzte Lesezeit\" \/>\n\t<meta name=\"twitter:data1\" content=\"8\u00a0Minuten\" \/>\n<script type=\"application\/ld+json\" class=\"yoast-schema-graph\">{\"@context\":\"https:\\\/\\\/schema.org\",\"@graph\":[{\"@type\":\"WebPage\",\"@id\":\"https:\\\/\\\/www.dentalcoach.app\\\/de\\\/datenschutzerklaerung\\\/\",\"url\":\"https:\\\/\\\/www.dentalcoach.app\\\/de\\\/datenschutzerklaerung\\\/\",\"name\":\"Datenschutzerkl\u00e4rung - Dental Coach\",\"isPartOf\":{\"@id\":\"https:\\\/\\\/www.dentalcoach.app\\\/#website\"},\"datePublished\":\"2023-10-09T12:44:10+00:00\",\"dateModified\":\"2023-10-09T12:47:57+00:00\",\"breadcrumb\":{\"@id\":\"https:\\\/\\\/www.dentalcoach.app\\\/de\\\/datenschutzerklaerung\\\/#breadcrumb\"},\"inLanguage\":\"de\",\"potentialAction\":[{\"@type\":\"ReadAction\",\"target\":[\"https:\\\/\\\/www.dentalcoach.app\\\/de\\\/datenschutzerklaerung\\\/\"]}]},{\"@type\":\"BreadcrumbList\",\"@id\":\"https:\\\/\\\/www.dentalcoach.app\\\/de\\\/datenschutzerklaerung\\\/#breadcrumb\",\"itemListElement\":[{\"@type\":\"ListItem\",\"position\":1,\"name\":\"Home\",\"item\":\"https:\\\/\\\/www.dentalcoach.app\\\/de\\\/\"},{\"@type\":\"ListItem\",\"position\":2,\"name\":\"Datenschutzerkl\u00e4rung\"}]},{\"@type\":\"WebSite\",\"@id\":\"https:\\\/\\\/www.dentalcoach.app\\\/#website\",\"url\":\"https:\\\/\\\/www.dentalcoach.app\\\/\",\"name\":\"Dental Coach\",\"description\":\"Uw hulp voor een gezond gebit\",\"potentialAction\":[{\"@type\":\"SearchAction\",\"target\":{\"@type\":\"EntryPoint\",\"urlTemplate\":\"https:\\\/\\\/www.dentalcoach.app\\\/?s={search_term_string}\"},\"query-input\":{\"@type\":\"PropertyValueSpecification\",\"valueRequired\":true,\"valueName\":\"search_term_string\"}}],\"inLanguage\":\"de\"}]}<\/script>\n<!-- \/ Yoast SEO plugin. -->","yoast_head_json":{"title":"Datenschutzerkl\u00e4rung - Dental Coach","robots":{"index":"index","follow":"follow","max-snippet":"max-snippet:-1","max-image-preview":"max-image-preview:large","max-video-preview":"max-video-preview:-1"},"canonical":"https:\/\/www.dentalcoach.app\/de\/datenschutzerklaerung\/","og_locale":"de_DE","og_type":"article","og_title":"Datenschutzerkl\u00e4rung - Dental Coach","og_description":"Datenschutzerkl\u00e4rung Dental Coach EinleitungHier k\u00f6nnen Sie nachlesen, wie Dental Coach (Dental Coach ist eine Marke und ein Handelsname von Dental Coach VOF in Goutum, NL) mit der Verarbeitung personenbezogener Daten umgeht, die das Unternehmen durch die Nutzung seiner mobilen Anwendung (\u201eApp\u201c) erh\u00e4lt. Diese Datenschutzerkl\u00e4rung kann auch unter www.mondmaatje.nl eingesehen werden und wird auf Anfrage zugesandt. [...]","og_url":"https:\/\/www.dentalcoach.app\/de\/datenschutzerklaerung\/","og_site_name":"Dental Coach","article_modified_time":"2023-10-09T12:47:57+00:00","twitter_card":"summary_large_image","twitter_misc":{"Gesch\u00e4tzte Lesezeit":"8\u00a0Minuten"},"schema":{"@context":"https:\/\/schema.org","@graph":[{"@type":"WebPage","@id":"https:\/\/www.dentalcoach.app\/de\/datenschutzerklaerung\/","url":"https:\/\/www.dentalcoach.app\/de\/datenschutzerklaerung\/","name":"Datenschutzerkl\u00e4rung - Dental Coach","isPartOf":{"@id":"https:\/\/www.dentalcoach.app\/#website"},"datePublished":"2023-10-09T12:44:10+00:00","dateModified":"2023-10-09T12:47:57+00:00","breadcrumb":{"@id":"https:\/\/www.dentalcoach.app\/de\/datenschutzerklaerung\/#breadcrumb"},"inLanguage":"de","potentialAction":[{"@type":"ReadAction","target":["https:\/\/www.dentalcoach.app\/de\/datenschutzerklaerung\/"]}]},{"@type":"BreadcrumbList","@id":"https:\/\/www.dentalcoach.app\/de\/datenschutzerklaerung\/#breadcrumb","itemListElement":[{"@type":"ListItem","position":1,"name":"Home","item":"https:\/\/www.dentalcoach.app\/de\/"},{"@type":"ListItem","position":2,"name":"Datenschutzerkl\u00e4rung"}]},{"@type":"WebSite","@id":"https:\/\/www.dentalcoach.app\/#website","url":"https:\/\/www.dentalcoach.app\/","name":"Dental Coach","description":"Uw hulp voor een gezond gebit","potentialAction":[{"@type":"SearchAction","target":{"@type":"EntryPoint","urlTemplate":"https:\/\/www.dentalcoach.app\/?s={search_term_string}"},"query-input":{"@type":"PropertyValueSpecification","valueRequired":true,"valueName":"search_term_string"}}],"inLanguage":"de"}]}},"_links":{"self":[{"href":"https:\/\/www.dentalcoach.app\/de\/wp-json\/wp\/v2\/pages\/79372","targetHints":{"allow":["GET"]}}],"collection":[{"href":"https:\/\/www.dentalcoach.app\/de\/wp-json\/wp\/v2\/pages"}],"about":[{"href":"https:\/\/www.dentalcoach.app\/de\/wp-json\/wp\/v2\/types\/page"}],"author":[{"embeddable":true,"href":"https:\/\/www.dentalcoach.app\/de\/wp-json\/wp\/v2\/users\/1"}],"replies":[{"embeddable":true,"href":"https:\/\/www.dentalcoach.app\/de\/wp-json\/wp\/v2\/comments?post=79372"}],"version-history":[{"count":3,"href":"https:\/\/www.dentalcoach.app\/de\/wp-json\/wp\/v2\/pages\/79372\/revisions"}],"predecessor-version":[{"id":79375,"href":"https:\/\/www.dentalcoach.app\/de\/wp-json\/wp\/v2\/pages\/79372\/revisions\/79375"}],"wp:attachment":[{"href":"https:\/\/www.dentalcoach.app\/de\/wp-json\/wp\/v2\/media?parent=79372"}],"curies":[{"name":"wp","href":"https:\/\/api.w.org\/{rel}","templated":true}]}}