{"id":79376,"date":"2023-10-09T14:49:16","date_gmt":"2023-10-09T12:49:16","guid":{"rendered":"https:\/\/www.dentalcoach.app\/?page_id=79376"},"modified":"2023-10-09T14:59:42","modified_gmt":"2023-10-09T12:59:42","slug":"geschaeftsbedingungen","status":"publish","type":"page","link":"https:\/\/www.dentalcoach.app\/de\/geschaeftsbedingungen\/","title":{"rendered":"Gesch\u00e4ftsbedingungen"},"content":{"rendered":"<h3>Nutzungsbedingungen f\u00fcr die mobile Anwendung von Dental Coach<br \/>\nDental Coach<\/h3>\n<p>Diese Nutzungsbedingungen (\u201eNutzungsbedingungen\u201c) beschreiben die Bedingungen, unter denen die mobile Anwendung von Dental Coach (die \u201eApp\u201c) genutzt werden kann.<br \/>\nDie App wird von Dental Coach bereitgestellt und verwaltet. Dental Coach ist eine Marke und ein Handelsname der Dental Coach VOF in Goutum, NL. Die OHG nach niederl\u00e4ndischem Recht ist bei der Kamer van Koophandel unter der KvK-Nummer 83134530 eingetragen. Bei Fragen zur Nutzung dieser App senden Sie bitte eine E-Mail an info@dentalcoach.app.<\/p>\n<p><strong>Dental Coach App:<\/strong><\/p>\n<p>Die App zielt darauf ab, Patienten individuell anzuleiten, auf eine optimale Mundgesundheit\/Mundhygiene hinzuarbeiten und pers\u00f6nliche zahnmedizinisch relevante Daten zur Verwendung durch einen Patienten (\u201ePatient\u201d) und spezifische zahnmedizinische Daten zur Verwendung durch den Gesundheitsdienstleister im Bereich der Zahnmedizin (\u201eGesundheitsdienstleister\u201c) zu erfassen. In diesem Zusammenhang ist unter dem Gesundheitsdienstleister der Dentalhygieniker, Zahnarzt, Parodontologe, zahnmedizinische Prophylaxeassistent, Kieferorthop\u00e4de, Kieferchirurg oder ein anderer Gesundheitsdienstleister im Bereich der Zahnmedizin zu verstehen, der die App als Hilfsmittel bei der Zahnbehandlung des Patienten und zur Prophylaxe verwendet.<br \/>\nNach der Installation der App muss der Nutzer (\u201eNutzer\u201c) den Nutzungsbedingungen zustimmen. Sie kann \u00fcber den App Store oder Google Play heruntergeladen werden. Die Nutzungsbedingungen werden vor den vorgenannten Handlungen erl\u00e4utert.<br \/>\nDie Verarbeitung personenbezogener Daten durch Dental Coach erfolgt in \u00dcbereinstimmung mit den geltenden Gesetzen und Vorschriften und ist in der Datenschutzerkl\u00e4rung von Dental Coach (\u201eDatenschutzerkl\u00e4rung\u201c) beschrieben.<br \/>\nDie Nutzungsbedingungen und die Datenschutzerkl\u00e4rung k\u00f6nnen auch unter www.dentalcoach.app eingesehen und heruntergeladen werden und werden auf Anfrage zugesandt.<br \/>\nNutzt die App die Dienste Dritter, gelten auch die allgemeinen Gesch\u00e4ftsbedingungen, Datenschutz- und Cookie-Richtlinien (falls vorhanden) der betreffenden Dritten. Dental Coach ist nicht verantwortlich f\u00fcr die Dienstleistungen und die Datenschutz- und Cookie-Politik von Dritten, es sei denn, es handelt sich um den Export von personenbezogenen Daten in ein Drittland, woraufhin Dental Coach zus\u00e4tzliche Ma\u00dfnahmen ergreift. Im Falle von Konflikten mit den Bedingungen Dritter haben die vorliegenden Nutzungsbedingungen Vorrang.<br \/>\nWerden durch die Nutzung Waren und\/oder Dienstleistungen von Drittanbietern oder von Dental Coach erworben werden, k\u00f6nnen zus\u00e4tzliche Bedingungen und Konditionen gelten. Soweit diese zus\u00e4tzlichen Bedingungen im Widerspruch zu den Nutzungsbedingungen stehen, haben die Nutzungsbedingungen Vorrang.<br \/>\nDental Coach beh\u00e4lt sich das Recht vor, die Nutzungsbedingungen nach eigenem Ermessen jederzeit zu \u00e4ndern.<br \/>\nNutzung der App<\/p>\n<p><strong>Die Nutzung der App erfolgt auf eigene Gefahr.<\/strong><br \/>\nDie App kann zur Nutzung durch den Patienten installiert werden. Der Patient ist der Nutzer im Sinne der Nutzungsbedingungen. Hat der Patient das 16. Lebensjahr noch nicht vollendet, ist f\u00fcr die Nutzung der App die Zustimmung der Eltern bzw. des Vormunds erforderlich.<br \/>\nDer Patient gibt bei der Installation seine Kontaktdaten selbst ein. Dental Coach tr\u00e4gt keine Verantwortung f\u00fcr fehlerhafte Dateneingaben und die sich daraus ergebenden Folgen.<br \/>\nDer Patient w\u00e4hlt selbst aus, mit welchem Gesundheitsdienstleister die App verkn\u00fcpft werden kann. Diese Verkn\u00fcpfung erfolgt durch Scannen der App mit einem praxisgebundenen QR-Code. Dadurch werden die Daten aus der App im Dashboard des Gesundheitsdienstleisters angezeigt. Dental Coach hat hierauf keinen Einfluss.<br \/>\nMit der Verkn\u00fcpfung \u00fcber den QR-Code erteilt der Patient dem Gesundheitsdienstleister die Erlaubnis, seine (pers\u00f6nlichen) Daten einzusehen und zu verwenden. Diese (pers\u00f6nlichen) Daten werden verwendet, um ein ma\u00dfgeschneidertes Behandlungs- und Prophylaxeprogramm zu erstellen und die Fortschritte bei dieser Behandlung und Prophylaxe zu \u00fcberwachen. Der Gesundheitsdienstleister k\u00fcmmert sich um die Eingabe der zahnmedizinischen Daten des Patienten in die App, wie beispielsweise fehlende Z\u00e4hne, Zahnimplantate, Art der Zahnb\u00fcrste, Zahnstocher, Interdentalb\u00fcrsten usw. F\u00fcr die Verarbeitung der vorgenannten Daten verweist Dental Coach auf seine Datenschutzerkl\u00e4rung.<br \/>\nAnhand der eingegebenen Daten k\u00f6nnen bestimmte Materialien und Produkte mit der Nutzung der App verkn\u00fcpft werden. Die App erstellt f\u00fcr den Patienten unter anderem einen Implantatpass und legt personalisierte Vorschl\u00e4ge f\u00fcr die Zahnpflege vor.<br \/>\nDental Coach hat jederzeit das Recht, die App anzupassen, Daten zu \u00e4ndern oder zu l\u00f6schen, dem Nutzer durch Beendigung des Abonnements die Benutzung der App zu untersagen, die Benutzung der App einzuschr\u00e4nken oder den Zugang zur App ganz oder teilweise, dauerhaft oder vor\u00fcbergehend zu untersagen. Dental Coach wird den Nutzer in angemessener Weise dar\u00fcber informieren.<br \/>\nKosten der Nutzung<\/p>\n<p><strong>Die Nutzung der App durch den Patienten ist kostenlos.<\/strong><br \/>\nPflichten von Dental Coach<\/p>\n<p>Dental Coach sorgt f\u00fcr die Pflege der App und gegebenenfalls f\u00fcr (kontinuierliche) Updates.<br \/>\nHat die Wartung durch Dental Coach eine (vor\u00fcbergehende) Unterbrechung des Betriebs der App zur Folge, wird Dental Coach diese Wartung rechtzeitig ank\u00fcndigen.<br \/>\nDental Coach ergreift angemessene Sicherheitsma\u00dfnahmen und ber\u00fccksichtigt dabei physische, elektronische und verfahrenstechnische Schutzma\u00dfnahmen. Dazu geh\u00f6ren bew\u00e4hrte Schutzma\u00dfnahmen wie Firewalls und Datenverschl\u00fcsselung. F\u00fcr weitere Sicherheitsma\u00dfnahmen verweist Dental Coach auf die Datenschutzerkl\u00e4rung.<br \/>\nPflichten des Nutzers<\/p>\n<p><strong>Der Nutzer ist allein f\u00fcr die Nutzung der App verantwortlich.<\/strong><br \/>\nUm Missverst\u00e4ndnisse zu vermeiden, best\u00e4tigt der Nutzer hiermit, dass es ihm, egal f\u00fcr welchen Zweck, weltweit untersagt ist, die App ob in \u00fcbersetzter Form oder nicht, als eigene Webanwendung (oder unter einer anderen Bezeichnung) anzubieten und zu nutzen. Es steht dem Nutzer nicht frei, \u00e4hnliche Anwendungen zu entwickeln (oder entwickeln zu lassen). Die hier angesprochene Nutzung umfasst auch das Schalten von Anzeigen und sonstige Formen der Werbung.<br \/>\nDar\u00fcber hinaus steht es dem Nutzer nicht frei, die App f\u00fcr den eigenen Gebrauch weiterzuentwickeln oder anderweitig f\u00fcr kommerzielle Zwecke zu nutzen.<br \/>\nDer Nutzer ist nicht berechtigt, \u00c4nderungen an der App vorzunehmen. Dies gilt nicht f\u00fcr das Hochladen von Inhalten, die zur Personalisierung und Optimierung der App f\u00fcr die Behandlung erforderlich sind.<br \/>\nDer Nutzer ist f\u00fcr die notwendigen Systemvoraussetzungen und die Internetverbindung zur Nutzung der App verantwortlich.<br \/>\nDer Nutzer ist verpflichtet, die App in \u00dcbereinstimmung mit den geltenden Gesetzen und Vorschriften zu nutzen.<br \/>\nWebshop<\/p>\n<p>Auf der Grundlage der Daten in der App hat der Nutzer die M\u00f6glichkeit, Produkte im Webshop von Dental Coach zu bestellen. Die Auswahl der vom Gesundheitsdienstleister empfohlenen Produkte erfolgt in Absprache zwischen dem Patienten und dem Gesundheitsdienstleister. Dental Coach haftet in keinerlei Weise f\u00fcr die Auswahl der Produkte.<br \/>\nDie Lieferungen aus dem Dental Coach Webshop werden von einer dritten, externen Partei durchgef\u00fchrt. Eine Haftung von Dental Coach f\u00fcr die Handlungen dieser Partei ist ausgeschlossen. Fragen zur Lieferung k\u00f6nnen jedoch an Dental Coach gerichtet werden. Bez\u00fcglich der Sicherheitsma\u00dfnahmen zum Schutz der Daten des Patienten, die notwendigerweise an den Anbieter weitergegeben werden, verweist Dental Coach auf die Datenschutzerkl\u00e4rung.<br \/>\nDefekte Produkte k\u00f6nnen an Dental Coach zur\u00fcckgeschickt werden. Dental Coach sorgt innerhalb von 14 Tagen nach Erhalt des defekten Produkts f\u00fcr die R\u00fcckerstattung des gesamten Kaufpreises oder, falls gew\u00fcnscht, f\u00fcr ein neues (gleiches) Produkt, sofern vorr\u00e4tig.<br \/>\nUm das R\u00fcckgaberecht nach 5.3 auszu\u00fcben, muss Dental Coach sp\u00e4testens 14 Tage nach Erhalt der Ware kontaktiert werden.<br \/>\nProdukte, die aufgrund einer falschen Beratung durch den Gesundheitsdienstleister bestellt wurden, k\u00f6nnen ausdr\u00fccklich nicht zur\u00fcckgegeben werden. In diesem Fall muss sich der Patient an den Gesundheitsdienstleister wenden.<br \/>\nPersonenbezogene Daten<\/p>\n<p>Nach der Installation der App muss der Nutzer seine pers\u00f6nlichen Daten eingeben, um die App optimal nutzen zu k\u00f6nnen. Die Datenschutzerkl\u00e4rung von Dental Coach gilt f\u00fcr die Verarbeitung dieser personenbezogenen Daten und f\u00fcr die App als Ganzes.<br \/>\nStellt Dental Coach einen Missbrauch von personenbezogenen Daten durch Dritte fest, informiert Dental Coach den Nutzer unverz\u00fcglich.<br \/>\nDie eingegebenen Daten bleiben Eigentum des Nutzers. Der Nutzer ist berechtigt, die von ihm eingegebenen Daten jederzeit \u00fcber die Einstellungen der App zu \u00e4ndern oder zu l\u00f6schen.<br \/>\nDer Nutzer stellt Dental Coach von allen Verletzungen seiner Privatsph\u00e4re frei. Dental Coach ergreift jedoch Ma\u00dfnahmen zur Verhinderung von Verst\u00f6\u00dfen und verweist zu diesem Zweck auf die Datenschutzerkl\u00e4rung.<br \/>\nGeistige Eigentumsrechte<\/p>\n<p>Alle geistigen Eigentumsrechte an der App (einschlie\u00dflich der Urheberrechte, Markenrechte und Datenbankrechte) liegen ausschlie\u00dflich bei Dental Coach. Der Nutzer erwirbt keinerlei Rechte.<br \/>\nDer Nutzer ist verpflichtet, die Rechte von Dental Coach jederzeit zu respektieren und daf\u00fcr zu sorgen, dass seine Nutzung der App die Rechte von Dental Coach in keinerlei Weise verletzt.<br \/>\nDental Coach und der Nutzer stellen sich gegenseitig von allen Anspr\u00fcchen und Forderungen Dritter, aus welchem Titel auch immer, frei, die auf Arbeitsergebnissen und Dateneingaben der Parteien basieren, die Rechte Dritter verletzen.<br \/>\nHaftung<\/p>\n<p>In Bezug auf den Betrieb und die Qualit\u00e4t der App gilt das \u201eBest Effort\u201c-Prinzip. Dental Coach \u00fcbernimmt keinerlei Garantie daf\u00fcr, dass die App keine Fehler enth\u00e4lt.<br \/>\nDental Coach \u00fcbernimmt keinerlei Gew\u00e4hr f\u00fcr den Inhalt, die Zuverl\u00e4ssigkeit und die Verf\u00fcgbarkeit der App sowie f\u00fcr Sicherheitsvorf\u00e4lle bei der \u00dcbertragung oder Nutzung von (personenbezogenen) Daten \u00fcber die App.<br \/>\nMit Ausnahme der Haftung nach zwingendem Recht haftet Dental Coach nicht f\u00fcr direkte, indirekte oder Folgesch\u00e4den, die sich aus der Nutzung der App ergeben.<\/p>\n<p><strong>Dental Coach haftet unter keinerlei Umst\u00e4nden f\u00fcr Sch\u00e4den, die der Nutzer erleidet, oder f\u00fcr Kosten, die dem Nutzer dadurch entstehen, dass:<\/strong><\/p>\n<p>A. kein Zugriff auf die App m\u00f6glich ist oder die App aus irgendeinem Grund nicht genutzt werden kann, oder im Falle einer versp\u00e4teten Verf\u00fcgbarkeit der App;<br \/>\nB. ein Ger\u00e4t, das in Verbindung mit der App verwendet wird, besch\u00e4digt ist oder nicht einwandfrei funktioniert;<br \/>\nC. der Nutzer falsche Daten in die App eingegeben hat oder, im Falle eines Gesundheitsdienstleisters, eine falsche Beratung erteilt hat; D. der Nutzer die Nutzungsbedingungen oder die Rechte anderer Personen verletzt;<br \/>\nE. der Gesundheitsdienstleister falsche Empfehlungen f\u00fcr die Behandlung\/Pflege der Z\u00e4hne gibt;<br \/>\nF. der Nutzer die in der App gegebenen Empfehlungen\/Vorschl\u00e4ge falsch umsetzt.<br \/>\nDental Coach haftet ebenso wenig f\u00fcr etwaige (Folge-)Sch\u00e4den in Bezug auf Produkte, die \u00fcber den App-Webshop bestellt wurden:<br \/>\nA. im Falle eines falsch bestellten Produkts;<br \/>\nB. im Falle der nicht bestimmungsgem\u00e4\u00df Verwendung eines bestellten Produktes.<br \/>\nDeinstallation der App<\/p>\n<p><strong>Die App kann vom Patienten jederzeit deinstalliert werden.<\/strong><br \/>\nMit der L\u00f6schung der App und des Kontos des Patienten werden auch die Daten des Patienten gel\u00f6scht.<br \/>\nSonstige Bestimmungen<\/p>\n<p><strong>F\u00fcr K\u00e4ufe im Webshop ist die Anwendbarkeit des Wiener Kaufrechts ausgeschlossen.<\/strong><br \/>\nSollten eine oder mehrere Bestimmungen dieses Nutzungsbedingungen (nach vor Ort geltendem Recht) nichtig sein oder f\u00fcr nichtig erkl\u00e4rt werden, bleiben der \u00fcbrigen Bestimmungen dieser Nutzungsbedingungen in vollem Umfang anwendbar. In einem solchen Fall setzen sich Dental Coach und der Nutzer zusammen, um f\u00fcr die ung\u00fcltigen oder annullierten Bestimmungen neue Bestimmungen festzulegen, die dem Zweck und Inhalt der urspr\u00fcnglichen Bestimmung so weit wie m\u00f6glich entsprechen.<br \/>\nAnwendbares Recht und Gerichtsstand<\/p>\n<p>Die Nutzungsbedingungen unterliegen ausschlie\u00dflich dem niederl\u00e4ndischen Recht. Auf das Rechtsverh\u00e4ltnis zwischen Dental Coach und dem Nutzer ist ausschlie\u00dflich niederl\u00e4ndisches Recht anwendbar.<br \/>\nAlle Streitigkeiten, die sich aus den Nutzungsbedingungen ergeben, werden ausschlie\u00dflich dem zust\u00e4ndigen Richter der Rechtbank Noord-Nederland, Locatie Leeuwarden, vorgelegt.<\/p>\n","protected":false},"excerpt":{"rendered":"<p>Nutzungsbedingungen f\u00fcr die mobile Anwendung von Dental Coach Dental Coach Diese Nutzungsbedingungen (\u201eNutzungsbedingungen\u201c) beschreiben die Bedingungen, unter denen die mobile Anwendung von Dental Coach (die \u201eApp\u201c) genutzt werden kann. Die App wird von Dental Coach bereitgestellt und verwaltet. Dental Coach ist eine Marke und ein Handelsname der Dental Coach VOF in Goutum, NL. Die OHG [&#8230;]\n","protected":false},"author":1,"featured_media":0,"parent":0,"menu_order":0,"comment_status":"closed","ping_status":"closed","template":"","meta":{"footnotes":""},"class_list":["post-79376","page","type-page","status-publish","hentry"],"yoast_head":"<!-- This site is optimized with the Yoast SEO plugin v27.4 - https:\/\/yoast.com\/product\/yoast-seo-wordpress\/ -->\n<title>Gesch\u00e4ftsbedingungen - Dental Coach<\/title>\n<meta name=\"robots\" content=\"index, follow, max-snippet:-1, max-image-preview:large, max-video-preview:-1\" \/>\n<link rel=\"canonical\" href=\"https:\/\/www.dentalcoach.app\/de\/geschaeftsbedingungen\/\" \/>\n<meta property=\"og:locale\" content=\"de_DE\" \/>\n<meta property=\"og:type\" content=\"article\" \/>\n<meta property=\"og:title\" content=\"Gesch\u00e4ftsbedingungen - Dental Coach\" \/>\n<meta property=\"og:description\" content=\"Nutzungsbedingungen f\u00fcr die mobile Anwendung von Dental Coach Dental Coach Diese Nutzungsbedingungen (\u201eNutzungsbedingungen\u201c) beschreiben die Bedingungen, unter denen die mobile Anwendung von Dental Coach (die \u201eApp\u201c) genutzt werden kann. Die App wird von Dental Coach bereitgestellt und verwaltet. Dental Coach ist eine Marke und ein Handelsname der Dental Coach VOF in Goutum, NL. Die OHG [...]\" \/>\n<meta property=\"og:url\" content=\"https:\/\/www.dentalcoach.app\/de\/geschaeftsbedingungen\/\" \/>\n<meta property=\"og:site_name\" content=\"Dental Coach\" \/>\n<meta property=\"article:modified_time\" content=\"2023-10-09T12:59:42+00:00\" \/>\n<meta name=\"twitter:card\" content=\"summary_large_image\" \/>\n<meta name=\"twitter:label1\" content=\"Gesch\u00e4tzte Lesezeit\" \/>\n\t<meta name=\"twitter:data1\" content=\"9\u00a0Minuten\" \/>\n<script type=\"application\/ld+json\" class=\"yoast-schema-graph\">{\"@context\":\"https:\\\/\\\/schema.org\",\"@graph\":[{\"@type\":\"WebPage\",\"@id\":\"https:\\\/\\\/www.dentalcoach.app\\\/de\\\/geschaeftsbedingungen\\\/\",\"url\":\"https:\\\/\\\/www.dentalcoach.app\\\/de\\\/geschaeftsbedingungen\\\/\",\"name\":\"Gesch\u00e4ftsbedingungen - Dental Coach\",\"isPartOf\":{\"@id\":\"https:\\\/\\\/www.dentalcoach.app\\\/#website\"},\"datePublished\":\"2023-10-09T12:49:16+00:00\",\"dateModified\":\"2023-10-09T12:59:42+00:00\",\"breadcrumb\":{\"@id\":\"https:\\\/\\\/www.dentalcoach.app\\\/de\\\/geschaeftsbedingungen\\\/#breadcrumb\"},\"inLanguage\":\"de\",\"potentialAction\":[{\"@type\":\"ReadAction\",\"target\":[\"https:\\\/\\\/www.dentalcoach.app\\\/de\\\/geschaeftsbedingungen\\\/\"]}]},{\"@type\":\"BreadcrumbList\",\"@id\":\"https:\\\/\\\/www.dentalcoach.app\\\/de\\\/geschaeftsbedingungen\\\/#breadcrumb\",\"itemListElement\":[{\"@type\":\"ListItem\",\"position\":1,\"name\":\"Home\",\"item\":\"https:\\\/\\\/www.dentalcoach.app\\\/de\\\/\"},{\"@type\":\"ListItem\",\"position\":2,\"name\":\"Gesch\u00e4ftsbedingungen\"}]},{\"@type\":\"WebSite\",\"@id\":\"https:\\\/\\\/www.dentalcoach.app\\\/#website\",\"url\":\"https:\\\/\\\/www.dentalcoach.app\\\/\",\"name\":\"Dental Coach\",\"description\":\"Uw hulp voor een gezond gebit\",\"potentialAction\":[{\"@type\":\"SearchAction\",\"target\":{\"@type\":\"EntryPoint\",\"urlTemplate\":\"https:\\\/\\\/www.dentalcoach.app\\\/?s={search_term_string}\"},\"query-input\":{\"@type\":\"PropertyValueSpecification\",\"valueRequired\":true,\"valueName\":\"search_term_string\"}}],\"inLanguage\":\"de\"}]}<\/script>\n<!-- \/ Yoast SEO plugin. -->","yoast_head_json":{"title":"Gesch\u00e4ftsbedingungen - Dental Coach","robots":{"index":"index","follow":"follow","max-snippet":"max-snippet:-1","max-image-preview":"max-image-preview:large","max-video-preview":"max-video-preview:-1"},"canonical":"https:\/\/www.dentalcoach.app\/de\/geschaeftsbedingungen\/","og_locale":"de_DE","og_type":"article","og_title":"Gesch\u00e4ftsbedingungen - Dental Coach","og_description":"Nutzungsbedingungen f\u00fcr die mobile Anwendung von Dental Coach Dental Coach Diese Nutzungsbedingungen (\u201eNutzungsbedingungen\u201c) beschreiben die Bedingungen, unter denen die mobile Anwendung von Dental Coach (die \u201eApp\u201c) genutzt werden kann. Die App wird von Dental Coach bereitgestellt und verwaltet. Dental Coach ist eine Marke und ein Handelsname der Dental Coach VOF in Goutum, NL. Die OHG [...]","og_url":"https:\/\/www.dentalcoach.app\/de\/geschaeftsbedingungen\/","og_site_name":"Dental Coach","article_modified_time":"2023-10-09T12:59:42+00:00","twitter_card":"summary_large_image","twitter_misc":{"Gesch\u00e4tzte Lesezeit":"9\u00a0Minuten"},"schema":{"@context":"https:\/\/schema.org","@graph":[{"@type":"WebPage","@id":"https:\/\/www.dentalcoach.app\/de\/geschaeftsbedingungen\/","url":"https:\/\/www.dentalcoach.app\/de\/geschaeftsbedingungen\/","name":"Gesch\u00e4ftsbedingungen - Dental Coach","isPartOf":{"@id":"https:\/\/www.dentalcoach.app\/#website"},"datePublished":"2023-10-09T12:49:16+00:00","dateModified":"2023-10-09T12:59:42+00:00","breadcrumb":{"@id":"https:\/\/www.dentalcoach.app\/de\/geschaeftsbedingungen\/#breadcrumb"},"inLanguage":"de","potentialAction":[{"@type":"ReadAction","target":["https:\/\/www.dentalcoach.app\/de\/geschaeftsbedingungen\/"]}]},{"@type":"BreadcrumbList","@id":"https:\/\/www.dentalcoach.app\/de\/geschaeftsbedingungen\/#breadcrumb","itemListElement":[{"@type":"ListItem","position":1,"name":"Home","item":"https:\/\/www.dentalcoach.app\/de\/"},{"@type":"ListItem","position":2,"name":"Gesch\u00e4ftsbedingungen"}]},{"@type":"WebSite","@id":"https:\/\/www.dentalcoach.app\/#website","url":"https:\/\/www.dentalcoach.app\/","name":"Dental Coach","description":"Uw hulp voor een gezond gebit","potentialAction":[{"@type":"SearchAction","target":{"@type":"EntryPoint","urlTemplate":"https:\/\/www.dentalcoach.app\/?s={search_term_string}"},"query-input":{"@type":"PropertyValueSpecification","valueRequired":true,"valueName":"search_term_string"}}],"inLanguage":"de"}]}},"_links":{"self":[{"href":"https:\/\/www.dentalcoach.app\/de\/wp-json\/wp\/v2\/pages\/79376","targetHints":{"allow":["GET"]}}],"collection":[{"href":"https:\/\/www.dentalcoach.app\/de\/wp-json\/wp\/v2\/pages"}],"about":[{"href":"https:\/\/www.dentalcoach.app\/de\/wp-json\/wp\/v2\/types\/page"}],"author":[{"embeddable":true,"href":"https:\/\/www.dentalcoach.app\/de\/wp-json\/wp\/v2\/users\/1"}],"replies":[{"embeddable":true,"href":"https:\/\/www.dentalcoach.app\/de\/wp-json\/wp\/v2\/comments?post=79376"}],"version-history":[{"count":5,"href":"https:\/\/www.dentalcoach.app\/de\/wp-json\/wp\/v2\/pages\/79376\/revisions"}],"predecessor-version":[{"id":79381,"href":"https:\/\/www.dentalcoach.app\/de\/wp-json\/wp\/v2\/pages\/79376\/revisions\/79381"}],"wp:attachment":[{"href":"https:\/\/www.dentalcoach.app\/de\/wp-json\/wp\/v2\/media?parent=79376"}],"curies":[{"name":"wp","href":"https:\/\/api.w.org\/{rel}","templated":true}]}}